{"id":16,"date":"2015-04-12T12:45:37","date_gmt":"2015-04-12T10:45:37","guid":{"rendered":"http:\/\/bunkertorun.pl\/?page_id=16"},"modified":"2020-09-11T11:56:43","modified_gmt":"2020-09-11T09:56:43","slug":"kontakt","status":"publish","type":"page","link":"https:\/\/bunkierwisla.pl\/?page_id=16","title":{"rendered":"Kontakt"},"content":{"rendered":"<p><span style=\"font-size: 14pt;\"><strong>Bunkier-Wis\u0142a<\/strong><\/span><br \/>\n<span style=\"font-size: 14pt;\"> Bulwar Filadelfijski 10, 87-100 T<\/span><span style=\"font-size: 14pt;\">oru\u0144<\/span><br \/>\n<span style=\"font-size: 14pt;\">tel. 56 621 07 14<\/span><br \/>\n<span style=\"font-size: 14pt;\"> mail: <a href=\"mailto:biuro@domlegend.pl\" target=\"_blank\" rel=\"noopener noreferrer\">biuro@domlegend.pl<\/a> w nag\u0142\u00f3wku wiadomo\u015bci prosimy napisa\u0107 &#8222;BUNKIER&#8221;<\/span><\/p>\n<p><span style=\"font-size: 14pt;\">Na telefony czekamy od 10 do 18. Ch\u0119tnie doradzimy, dobierzemy najlepsz\u0105 godzin\u0119 wizyty i podpowiemy co jeszcze zwiedzi\u0107 w Toruniu.<\/span><\/p>\n<p><span style=\"font-size: 14pt;\">Odwied\u017a nasz <a href=\"https:\/\/www.facebook.com\/BunkierWisla\/\" target=\"_blank\" rel=\"noopener noreferrer\">Facebook.<\/a><\/span><\/p>\n<p><span style=\"font-size: 14pt;\">\u00a0<\/span><\/p>\n<p><span style=\"font-size: 14pt;\">Prawna nazwa firmy oraz adres do korespondencji tradycyjnej:<\/span><\/p>\n<p><span style=\"font-size: 14pt;\">Dom Legend s.c.<\/span><\/p>\n<p><span style=\"font-size: 14pt;\">87-100 Toru\u0144<\/span><\/p>\n<p><span style=\"font-size: 14pt;\">ul. Szeroka 35<\/span><\/p>\n<p><span style=\"font-size: 14pt;\">NIP 9562303259<span style=\"color: #3366ff;\"><strong><br \/>\n<\/strong><\/span><\/span><\/p>\n<p><span style=\"font-size: 14pt;\">nr rachunku bankowego: 51 1540 1304 2035 9129 0740 000<strong>1<\/strong><\/span><\/p>\n<p><iframe loading=\"lazy\" style=\"border: 0;\" src=\"https:\/\/www.google.com\/maps\/embed?pb=!1m18!1m12!1m3!1d2400.682335129502!2d18.603647!3d53.008096!2m3!1f0!2f0!3f0!3m2!1i1024!2i768!4f13.1!3m3!1m2!1s0x4703351c3bd49c61%3A0x989d2d79b0a3d6a!2sBunkier-Wis%C5%82a!5e0!3m2!1spl!2spl!4v1435400974002\" width=\"600\" height=\"450\" frameborder=\"0\" allowfullscreen=\"allowfullscreen\"><\/iframe><\/p>\n","protected":false},"excerpt":{"rendered":"<p>Bunkier-Wis\u0142a Bulwar Filadelfijski 10, 87-100 Toru\u0144 tel. 56 621 07 14 mail: biuro@domlegend.pl w nag\u0142\u00f3wku wiadomo\u015bci prosimy napisa\u0107 &#8222;BUNKIER&#8221; Na telefony czekamy od 10 do 18. Ch\u0119tnie doradzimy, dobierzemy najlepsz\u0105 godzin\u0119 wizyty i podpowiemy co jeszcze zwiedzi\u0107 w Toruniu. Odwied\u017a nasz Facebook. \u00a0 Prawna nazwa firmy oraz adres do korespondencji tradycyjnej: Dom Legend s.c. 87-100 [&hellip;]<\/p>\n","protected":false},"author":1,"featured_media":14,"parent":0,"menu_order":0,"comment_status":"closed","ping_status":"closed","template":"page-full-width.php","meta":{"footnotes":""},"class_list":["post-16","page","type-page","status-publish","has-post-thumbnail","hentry"],"yoast_head":"<!-- This site is optimized with the Yoast SEO plugin v22.1 - https:\/\/yoast.com\/wordpress\/plugins\/seo\/ -->\n<title>Kontakt - Bunkier-Wis\u0142a Do\u015bwiadcz emocji towarzysz\u0105cych nalotowi!<\/title>\n<meta name=\"description\" content=\"Zadzwo\u0144, zapytaj co zwiedzi\u0107 w Toruniu. Zaplanuj swoj\u0105 wizyt\u0119 w Bunkrze-Wis\u0142a. Kontakt: 56 621 07 14.\" \/>\n<meta name=\"robots\" content=\"index, follow, max-snippet:-1, max-image-preview:large, max-video-preview:-1\" \/>\n<link rel=\"canonical\" href=\"https:\/\/bunkierwisla.pl\/?page_id=16\" \/>\n<meta property=\"og:locale\" content=\"pl_PL\" \/>\n<meta property=\"og:type\" content=\"article\" \/>\n<meta property=\"og:title\" content=\"Kontakt - Bunkier-Wis\u0142a Do\u015bwiadcz emocji towarzysz\u0105cych nalotowi!\" \/>\n<meta property=\"og:description\" content=\"Zadzwo\u0144, zapytaj co zwiedzi\u0107 w Toruniu. Zaplanuj swoj\u0105 wizyt\u0119 w Bunkrze-Wis\u0142a. Kontakt: 56 621 07 14.\" \/>\n<meta property=\"og:url\" content=\"https:\/\/bunkierwisla.pl\/?page_id=16\" \/>\n<meta property=\"og:site_name\" content=\"Bunkier-Wis\u0142a Do\u015bwiadcz emocji towarzysz\u0105cych nalotowi!\" \/>\n<meta property=\"article:publisher\" content=\"https:\/\/www.facebook.com\/BunkierWisla\" \/>\n<meta property=\"article:modified_time\" content=\"2020-09-11T09:56:43+00:00\" \/>\n<meta property=\"og:image\" content=\"https:\/\/bunkierwisla.pl\/wp-content\/uploads\/2015\/04\/DSC01789.jpeg\" \/>\n\t<meta property=\"og:image:width\" content=\"1200\" \/>\n\t<meta property=\"og:image:height\" content=\"900\" \/>\n\t<meta property=\"og:image:type\" content=\"image\/jpeg\" \/>\n<meta name=\"twitter:card\" content=\"summary_large_image\" \/>\n<script type=\"application\/ld+json\" class=\"yoast-schema-graph\">{\"@context\":\"https:\/\/schema.org\",\"@graph\":[{\"@type\":\"WebPage\",\"@id\":\"https:\/\/bunkierwisla.pl\/?page_id=16\",\"url\":\"https:\/\/bunkierwisla.pl\/?page_id=16\",\"name\":\"Kontakt - Bunkier-Wis\u0142a Do\u015bwiadcz emocji towarzysz\u0105cych nalotowi!\",\"isPartOf\":{\"@id\":\"https:\/\/bunkierwisla.pl\/#website\"},\"datePublished\":\"2015-04-12T10:45:37+00:00\",\"dateModified\":\"2020-09-11T09:56:43+00:00\",\"description\":\"Zadzwo\u0144, zapytaj co zwiedzi\u0107 w Toruniu. Zaplanuj swoj\u0105 wizyt\u0119 w Bunkrze-Wis\u0142a. Kontakt: 56 621 07 14.\",\"breadcrumb\":{\"@id\":\"https:\/\/bunkierwisla.pl\/?page_id=16#breadcrumb\"},\"inLanguage\":\"pl-PL\",\"potentialAction\":[{\"@type\":\"ReadAction\",\"target\":[\"https:\/\/bunkierwisla.pl\/?page_id=16\"]}]},{\"@type\":\"BreadcrumbList\",\"@id\":\"https:\/\/bunkierwisla.pl\/?page_id=16#breadcrumb\",\"itemListElement\":[{\"@type\":\"ListItem\",\"position\":1,\"name\":\"Strona g\u0142\u00f3wna\",\"item\":\"https:\/\/bunkierwisla.pl\/\"},{\"@type\":\"ListItem\",\"position\":2,\"name\":\"Kontakt\"}]},{\"@type\":\"WebSite\",\"@id\":\"https:\/\/bunkierwisla.pl\/#website\",\"url\":\"https:\/\/bunkierwisla.pl\/\",\"name\":\"Bunkier-Wis\u0142a. Do\u015bwiadcz emocji towarzysz\u0105cych nalotowi!\",\"description\":\"\",\"potentialAction\":[{\"@type\":\"SearchAction\",\"target\":{\"@type\":\"EntryPoint\",\"urlTemplate\":\"https:\/\/bunkierwisla.pl\/?s={search_term_string}\"},\"query-input\":\"required name=search_term_string\"}],\"inLanguage\":\"pl-PL\"}]}<\/script>\n<!-- \/ Yoast SEO plugin. -->","yoast_head_json":{"title":"Kontakt - Bunkier-Wis\u0142a Do\u015bwiadcz emocji towarzysz\u0105cych nalotowi!","description":"Zadzwo\u0144, zapytaj co zwiedzi\u0107 w Toruniu. Zaplanuj swoj\u0105 wizyt\u0119 w Bunkrze-Wis\u0142a. Kontakt: 56 621 07 14.","robots":{"index":"index","follow":"follow","max-snippet":"max-snippet:-1","max-image-preview":"max-image-preview:large","max-video-preview":"max-video-preview:-1"},"canonical":"https:\/\/bunkierwisla.pl\/?page_id=16","og_locale":"pl_PL","og_type":"article","og_title":"Kontakt - Bunkier-Wis\u0142a Do\u015bwiadcz emocji towarzysz\u0105cych nalotowi!","og_description":"Zadzwo\u0144, zapytaj co zwiedzi\u0107 w Toruniu. Zaplanuj swoj\u0105 wizyt\u0119 w Bunkrze-Wis\u0142a. Kontakt: 56 621 07 14.","og_url":"https:\/\/bunkierwisla.pl\/?page_id=16","og_site_name":"Bunkier-Wis\u0142a Do\u015bwiadcz emocji towarzysz\u0105cych nalotowi!","article_publisher":"https:\/\/www.facebook.com\/BunkierWisla","article_modified_time":"2020-09-11T09:56:43+00:00","og_image":[{"width":1200,"height":900,"url":"https:\/\/bunkierwisla.pl\/wp-content\/uploads\/2015\/04\/DSC01789.jpeg","type":"image\/jpeg"}],"twitter_card":"summary_large_image","schema":{"@context":"https:\/\/schema.org","@graph":[{"@type":"WebPage","@id":"https:\/\/bunkierwisla.pl\/?page_id=16","url":"https:\/\/bunkierwisla.pl\/?page_id=16","name":"Kontakt - Bunkier-Wis\u0142a Do\u015bwiadcz emocji towarzysz\u0105cych nalotowi!","isPartOf":{"@id":"https:\/\/bunkierwisla.pl\/#website"},"datePublished":"2015-04-12T10:45:37+00:00","dateModified":"2020-09-11T09:56:43+00:00","description":"Zadzwo\u0144, zapytaj co zwiedzi\u0107 w Toruniu. Zaplanuj swoj\u0105 wizyt\u0119 w Bunkrze-Wis\u0142a. Kontakt: 56 621 07 14.","breadcrumb":{"@id":"https:\/\/bunkierwisla.pl\/?page_id=16#breadcrumb"},"inLanguage":"pl-PL","potentialAction":[{"@type":"ReadAction","target":["https:\/\/bunkierwisla.pl\/?page_id=16"]}]},{"@type":"BreadcrumbList","@id":"https:\/\/bunkierwisla.pl\/?page_id=16#breadcrumb","itemListElement":[{"@type":"ListItem","position":1,"name":"Strona g\u0142\u00f3wna","item":"https:\/\/bunkierwisla.pl\/"},{"@type":"ListItem","position":2,"name":"Kontakt"}]},{"@type":"WebSite","@id":"https:\/\/bunkierwisla.pl\/#website","url":"https:\/\/bunkierwisla.pl\/","name":"Bunkier-Wis\u0142a. Do\u015bwiadcz emocji towarzysz\u0105cych nalotowi!","description":"","potentialAction":[{"@type":"SearchAction","target":{"@type":"EntryPoint","urlTemplate":"https:\/\/bunkierwisla.pl\/?s={search_term_string}"},"query-input":"required name=search_term_string"}],"inLanguage":"pl-PL"}]}},"_links":{"self":[{"href":"https:\/\/bunkierwisla.pl\/index.php?rest_route=\/wp\/v2\/pages\/16","targetHints":{"allow":["GET"]}}],"collection":[{"href":"https:\/\/bunkierwisla.pl\/index.php?rest_route=\/wp\/v2\/pages"}],"about":[{"href":"https:\/\/bunkierwisla.pl\/index.php?rest_route=\/wp\/v2\/types\/page"}],"author":[{"embeddable":true,"href":"https:\/\/bunkierwisla.pl\/index.php?rest_route=\/wp\/v2\/users\/1"}],"replies":[{"embeddable":true,"href":"https:\/\/bunkierwisla.pl\/index.php?rest_route=%2Fwp%2Fv2%2Fcomments&post=16"}],"version-history":[{"count":18,"href":"https:\/\/bunkierwisla.pl\/index.php?rest_route=\/wp\/v2\/pages\/16\/revisions"}],"predecessor-version":[{"id":834,"href":"https:\/\/bunkierwisla.pl\/index.php?rest_route=\/wp\/v2\/pages\/16\/revisions\/834"}],"wp:featuredmedia":[{"embeddable":true,"href":"https:\/\/bunkierwisla.pl\/index.php?rest_route=\/wp\/v2\/media\/14"}],"wp:attachment":[{"href":"https:\/\/bunkierwisla.pl\/index.php?rest_route=%2Fwp%2Fv2%2Fmedia&parent=16"}],"curies":[{"name":"wp","href":"https:\/\/api.w.org\/{rel}","templated":true}]}}