{"id":60,"date":"2015-04-12T14:44:20","date_gmt":"2015-04-12T12:44:20","guid":{"rendered":"http:\/\/bunkertorun.pl\/?page_id=60"},"modified":"2020-08-14T16:20:01","modified_gmt":"2020-08-14T14:20:01","slug":"historia-bunkra-2","status":"publish","type":"page","link":"https:\/\/bunkierwisla.pl\/?page_id=60","title":{"rendered":"Historia bunkra"},"content":{"rendered":"<p><a href=\"http:\/\/bunkier.snwsprodukcja.pl\/wp-content\/uploads\/2015\/04\/1.jpg\"><img loading=\"lazy\" decoding=\"async\" class=\"alignnone  wp-image-247\" src=\"http:\/\/bunkier.snwsprodukcja.pl\/wp-content\/uploads\/2015\/04\/1-245x300.jpg\" alt=\"1\" width=\"210\" height=\"256\" srcset=\"https:\/\/bunkierwisla.pl\/wp-content\/uploads\/2015\/04\/1-245x300.jpg 245w, https:\/\/bunkierwisla.pl\/wp-content\/uploads\/2015\/04\/1.jpg 646w\" sizes=\"auto, (max-width: 210px) 100vw, 210px\" \/> <\/a>&nbsp;&nbsp;<a href=\"http:\/\/bunkier.snwsprodukcja.pl\/wp-content\/uploads\/2015\/04\/3.jpg\"><img loading=\"lazy\" decoding=\"async\" class=\"alignnone  wp-image-250\" src=\"http:\/\/bunkier.snwsprodukcja.pl\/wp-content\/uploads\/2015\/04\/3-273x300.jpg\" alt=\"3\" width=\"233\" height=\"256\" srcset=\"https:\/\/bunkierwisla.pl\/wp-content\/uploads\/2015\/04\/3-273x300.jpg 273w, https:\/\/bunkierwisla.pl\/wp-content\/uploads\/2015\/04\/3.jpg 745w\" sizes=\"auto, (max-width: 233px) 100vw, 233px\" \/><\/a>&nbsp; &nbsp;&nbsp;<img loading=\"lazy\" decoding=\"async\" class=\"alignnone  wp-image-251\" src=\"http:\/\/bunkier.snwsprodukcja.pl\/wp-content\/uploads\/2015\/04\/bez-tytu\u0142u-256x300.jpg\" alt=\"bez&nbsp;tytu\u0142u\" width=\"215\" height=\"254\"><\/p>\n<p>&nbsp;<\/p>\n<p>&nbsp;<\/p>\n<p style=\"text-align: justify;\"><span style=\"font-size: 14pt;\">Kryta, betonowa szczelina przeciwlotnicza LSDG dla <span style=\"color: #3366ff;\">100<\/span> os\u00f3b (Luftschutz Deckungsgraben im Beton, LS-Betondeckungsgraben), z <span style=\"color: #3366ff;\">1943<\/span> roku (uko\u0144czona <span style=\"color: #3366ff;\">11<\/span> pa\u017adziernika tego\u017c roku). Zbudowana z lanego betonu (\u015bciany, cz\u0119\u015b\u0107 stropu) i prefabrykat\u00f3w (strop nad prostymi odcinkami korytarza). Wyposa\u017cona w grawitacyjny uk\u0142ad wentylacji, z trzema nadci\u015bnieniowymi zaworami jednokierunkowymi. Zadaniem schronienia by\u0142a najprawdopodobniej ochrona pracownik\u00f3w pobliskiego portu na Wi\u015ble, ewentualnie za\u0142ogi obs\u0142uguj\u0105cej pobliski zbiornik gazu. Szczelina sk\u0142ada si\u0119 z dw\u00f3ch przedsionk\u00f3w z drzwiami, zygzakowato u\u0142o\u017conego korytarza (<span style=\"color: #3366ff;\">4<\/span> odcinki pod k\u0105tem prostym po ok. <span style=\"color: #3366ff;\">11<\/span> metr\u00f3w), wyj\u015bcia ewakuacyjnego z szybem i drabin\u0105, dw\u00f3ch suchych latryn (w ka\u017cdej sta\u0142o wiadro na nieczysto\u015bci, opr\u00f3\u017cniane po ustaniu bombardowania) i wn\u0119ki <span style=\"color: #3366ff;\">1,5<\/span>x<span style=\"color: #3366ff;\">2<\/span>m, s\u0142u\u017c\u0105cej jako pomieszczenie porz\u0105dkowe. Energia elektryczna potrzebna do o\u015bwietlenia dostarczana by\u0142a z zewn\u0105trz. Szczelina zabezpiecza\u0142a przed od\u0142amkami i fal\u0105 uderzeniow\u0105. Nie by\u0142a odporna na bezpo\u015brednie trafienie bomb\u0105 lotnicz\u0105 b\u0105d\u017a pociskiem artyleryjskim. Nie zabezpiecza\u0142a te\u017c przed atakiem chemicznym.<\/span><\/p>\n<p style=\"text-align: justify;\"><span style=\"font-size: 14pt;\">W Toruniu przetrwa\u0142o jeszcze kilka obiekt\u00f3w tego typu. Przy al. Jana Paw\u0142a II, przy Bulwarze Filadelfijskim (w okolicach skrzy\u017cowania z Wol\u0105 Zamkow\u0105), przy ul. Idzikowskiego i Kujawskiej, a tak\u017ce na Kluczykach.<\/span><\/p>\n<p style=\"text-align: justify;\"><a href=\"http:\/\/bunkier.snwsprodukcja.pl\/wp-content\/uploads\/2015\/04\/plan-okupacja1.jpg\"><img loading=\"lazy\" decoding=\"async\" class=\"alignnone  wp-image-384\" src=\"http:\/\/bunkier.snwsprodukcja.pl\/wp-content\/uploads\/2015\/04\/plan-okupacja1-300x145.jpg\" alt=\"plan okupacja\" width=\"403\" height=\"196\" srcset=\"https:\/\/bunkierwisla.pl\/wp-content\/uploads\/2015\/04\/plan-okupacja1-300x145.jpg 300w, https:\/\/bunkierwisla.pl\/wp-content\/uploads\/2015\/04\/plan-okupacja1-1024x496.jpg 1024w, https:\/\/bunkierwisla.pl\/wp-content\/uploads\/2015\/04\/plan-okupacja1.jpg 1136w\" sizes=\"auto, (max-width: 403px) 100vw, 403px\" \/><\/a>&nbsp; &nbsp; &nbsp; &nbsp; &nbsp; &nbsp; &nbsp; &nbsp; &nbsp; &nbsp; &nbsp; &nbsp; &nbsp; &nbsp; &nbsp; &nbsp;&nbsp;<img loading=\"lazy\" decoding=\"async\" class=\"alignnone  wp-image-391\" src=\"http:\/\/bunkier.snwsprodukcja.pl\/wp-content\/uploads\/2015\/04\/4.jpg\" alt=\"4\" width=\"142\" height=\"192\"><\/p>\n<p style=\"text-align: right;\"><a href=\"http:\/\/wikimapia.org\">[\u0179r\u00f3d\u0142o]<\/a><\/p>\n<p style=\"text-align: right;\"><a href=\"http:\/\/bochumer-bunkier.de\">[\u0179r\u00f3d\u0142o grafik]<\/a><\/p>\n<p style=\"text-align: right;\"><a href=\"http:\/\/kpbc.umk.pl\">[\u0179r\u00f3d\u0142o planu miasta]<\/a><\/p>\n","protected":false},"excerpt":{"rendered":"<p>&nbsp;&nbsp;&nbsp; &nbsp;&nbsp; &nbsp; &nbsp; Kryta, betonowa szczelina przeciwlotnicza LSDG dla 100 os\u00f3b (Luftschutz Deckungsgraben im Beton, LS-Betondeckungsgraben), z 1943 roku (uko\u0144czona 11 pa\u017adziernika tego\u017c roku). Zbudowana z lanego betonu (\u015bciany, cz\u0119\u015b\u0107 stropu) i prefabrykat\u00f3w (strop nad prostymi odcinkami korytarza). Wyposa\u017cona w grawitacyjny uk\u0142ad wentylacji, z trzema nadci\u015bnieniowymi zaworami jednokierunkowymi. Zadaniem schronienia by\u0142a najprawdopodobniej ochrona pracownik\u00f3w [&hellip;]<\/p>\n","protected":false},"author":1,"featured_media":0,"parent":0,"menu_order":0,"comment_status":"closed","ping_status":"open","template":"page-full-width.php","meta":{"footnotes":""},"class_list":["post-60","page","type-page","status-publish","hentry"],"yoast_head":"<!-- This site is optimized with the Yoast SEO plugin v22.1 - https:\/\/yoast.com\/wordpress\/plugins\/seo\/ -->\n<title>Historia bunkra<\/title>\n<meta name=\"description\" content=\"Kryta betonowa szczelina przeciwlotnicza. Szczelina LSDG. Historia schronu w Toruniu. Obiekt z czas\u00f3w II Wojny \u015awiatowej na star\u00f3wce.\" \/>\n<meta name=\"robots\" content=\"index, follow, max-snippet:-1, max-image-preview:large, max-video-preview:-1\" \/>\n<link rel=\"canonical\" href=\"https:\/\/bunkierwisla.pl\/?page_id=60\" \/>\n<meta property=\"og:locale\" content=\"pl_PL\" \/>\n<meta property=\"og:type\" content=\"article\" \/>\n<meta property=\"og:title\" content=\"Historia bunkra\" \/>\n<meta property=\"og:description\" content=\"Kryta betonowa szczelina przeciwlotnicza. Szczelina LSDG. Historia schronu w Toruniu. Obiekt z czas\u00f3w II Wojny \u015awiatowej na star\u00f3wce.\" \/>\n<meta property=\"og:url\" content=\"https:\/\/bunkierwisla.pl\/?page_id=60\" \/>\n<meta property=\"og:site_name\" content=\"Bunkier-Wis\u0142a Do\u015bwiadcz emocji towarzysz\u0105cych nalotowi!\" \/>\n<meta property=\"article:publisher\" content=\"https:\/\/www.facebook.com\/BunkierWisla\" \/>\n<meta property=\"article:modified_time\" content=\"2020-08-14T14:20:01+00:00\" \/>\n<meta property=\"og:image\" content=\"http:\/\/bunkier.snwsprodukcja.pl\/wp-content\/uploads\/2015\/04\/1-245x300.jpg\" \/>\n<meta name=\"twitter:card\" content=\"summary_large_image\" \/>\n<meta name=\"twitter:label1\" content=\"Szacowany czas czytania\" \/>\n\t<meta name=\"twitter:data1\" content=\"1 minuta\" \/>\n<script type=\"application\/ld+json\" class=\"yoast-schema-graph\">{\"@context\":\"https:\/\/schema.org\",\"@graph\":[{\"@type\":\"WebPage\",\"@id\":\"https:\/\/bunkierwisla.pl\/?page_id=60\",\"url\":\"https:\/\/bunkierwisla.pl\/?page_id=60\",\"name\":\"Historia bunkra\",\"isPartOf\":{\"@id\":\"https:\/\/bunkierwisla.pl\/#website\"},\"datePublished\":\"2015-04-12T12:44:20+00:00\",\"dateModified\":\"2020-08-14T14:20:01+00:00\",\"description\":\"Kryta betonowa szczelina przeciwlotnicza. Szczelina LSDG. Historia schronu w Toruniu. Obiekt z czas\u00f3w II Wojny \u015awiatowej na star\u00f3wce.\",\"breadcrumb\":{\"@id\":\"https:\/\/bunkierwisla.pl\/?page_id=60#breadcrumb\"},\"inLanguage\":\"pl-PL\",\"potentialAction\":[{\"@type\":\"ReadAction\",\"target\":[\"https:\/\/bunkierwisla.pl\/?page_id=60\"]}]},{\"@type\":\"BreadcrumbList\",\"@id\":\"https:\/\/bunkierwisla.pl\/?page_id=60#breadcrumb\",\"itemListElement\":[{\"@type\":\"ListItem\",\"position\":1,\"name\":\"Strona g\u0142\u00f3wna\",\"item\":\"https:\/\/bunkierwisla.pl\/\"},{\"@type\":\"ListItem\",\"position\":2,\"name\":\"Historia bunkra\"}]},{\"@type\":\"WebSite\",\"@id\":\"https:\/\/bunkierwisla.pl\/#website\",\"url\":\"https:\/\/bunkierwisla.pl\/\",\"name\":\"Bunkier-Wis\u0142a. Do\u015bwiadcz emocji towarzysz\u0105cych nalotowi!\",\"description\":\"\",\"potentialAction\":[{\"@type\":\"SearchAction\",\"target\":{\"@type\":\"EntryPoint\",\"urlTemplate\":\"https:\/\/bunkierwisla.pl\/?s={search_term_string}\"},\"query-input\":\"required name=search_term_string\"}],\"inLanguage\":\"pl-PL\"}]}<\/script>\n<!-- \/ Yoast SEO plugin. -->","yoast_head_json":{"title":"Historia bunkra","description":"Kryta betonowa szczelina przeciwlotnicza. Szczelina LSDG. Historia schronu w Toruniu. Obiekt z czas\u00f3w II Wojny \u015awiatowej na star\u00f3wce.","robots":{"index":"index","follow":"follow","max-snippet":"max-snippet:-1","max-image-preview":"max-image-preview:large","max-video-preview":"max-video-preview:-1"},"canonical":"https:\/\/bunkierwisla.pl\/?page_id=60","og_locale":"pl_PL","og_type":"article","og_title":"Historia bunkra","og_description":"Kryta betonowa szczelina przeciwlotnicza. Szczelina LSDG. Historia schronu w Toruniu. Obiekt z czas\u00f3w II Wojny \u015awiatowej na star\u00f3wce.","og_url":"https:\/\/bunkierwisla.pl\/?page_id=60","og_site_name":"Bunkier-Wis\u0142a Do\u015bwiadcz emocji towarzysz\u0105cych nalotowi!","article_publisher":"https:\/\/www.facebook.com\/BunkierWisla","article_modified_time":"2020-08-14T14:20:01+00:00","og_image":[{"url":"http:\/\/bunkier.snwsprodukcja.pl\/wp-content\/uploads\/2015\/04\/1-245x300.jpg"}],"twitter_card":"summary_large_image","twitter_misc":{"Szacowany czas czytania":"1 minuta"},"schema":{"@context":"https:\/\/schema.org","@graph":[{"@type":"WebPage","@id":"https:\/\/bunkierwisla.pl\/?page_id=60","url":"https:\/\/bunkierwisla.pl\/?page_id=60","name":"Historia bunkra","isPartOf":{"@id":"https:\/\/bunkierwisla.pl\/#website"},"datePublished":"2015-04-12T12:44:20+00:00","dateModified":"2020-08-14T14:20:01+00:00","description":"Kryta betonowa szczelina przeciwlotnicza. Szczelina LSDG. Historia schronu w Toruniu. Obiekt z czas\u00f3w II Wojny \u015awiatowej na star\u00f3wce.","breadcrumb":{"@id":"https:\/\/bunkierwisla.pl\/?page_id=60#breadcrumb"},"inLanguage":"pl-PL","potentialAction":[{"@type":"ReadAction","target":["https:\/\/bunkierwisla.pl\/?page_id=60"]}]},{"@type":"BreadcrumbList","@id":"https:\/\/bunkierwisla.pl\/?page_id=60#breadcrumb","itemListElement":[{"@type":"ListItem","position":1,"name":"Strona g\u0142\u00f3wna","item":"https:\/\/bunkierwisla.pl\/"},{"@type":"ListItem","position":2,"name":"Historia bunkra"}]},{"@type":"WebSite","@id":"https:\/\/bunkierwisla.pl\/#website","url":"https:\/\/bunkierwisla.pl\/","name":"Bunkier-Wis\u0142a. Do\u015bwiadcz emocji towarzysz\u0105cych nalotowi!","description":"","potentialAction":[{"@type":"SearchAction","target":{"@type":"EntryPoint","urlTemplate":"https:\/\/bunkierwisla.pl\/?s={search_term_string}"},"query-input":"required name=search_term_string"}],"inLanguage":"pl-PL"}]}},"_links":{"self":[{"href":"https:\/\/bunkierwisla.pl\/index.php?rest_route=\/wp\/v2\/pages\/60","targetHints":{"allow":["GET"]}}],"collection":[{"href":"https:\/\/bunkierwisla.pl\/index.php?rest_route=\/wp\/v2\/pages"}],"about":[{"href":"https:\/\/bunkierwisla.pl\/index.php?rest_route=\/wp\/v2\/types\/page"}],"author":[{"embeddable":true,"href":"https:\/\/bunkierwisla.pl\/index.php?rest_route=\/wp\/v2\/users\/1"}],"replies":[{"embeddable":true,"href":"https:\/\/bunkierwisla.pl\/index.php?rest_route=%2Fwp%2Fv2%2Fcomments&post=60"}],"version-history":[{"count":14,"href":"https:\/\/bunkierwisla.pl\/index.php?rest_route=\/wp\/v2\/pages\/60\/revisions"}],"predecessor-version":[{"id":801,"href":"https:\/\/bunkierwisla.pl\/index.php?rest_route=\/wp\/v2\/pages\/60\/revisions\/801"}],"wp:attachment":[{"href":"https:\/\/bunkierwisla.pl\/index.php?rest_route=%2Fwp%2Fv2%2Fmedia&parent=60"}],"curies":[{"name":"wp","href":"https:\/\/api.w.org\/{rel}","templated":true}]}}