{"id":608,"date":"2019-01-15T20:49:55","date_gmt":"2019-01-15T19:49:55","guid":{"rendered":"http:\/\/bunkier.snwsprodukcja.pl\/?page_id=608"},"modified":"2025-07-23T11:27:29","modified_gmt":"2025-07-23T09:27:29","slug":"gra-miejska-3","status":"publish","type":"page","link":"https:\/\/bunkierwisla.pl\/?page_id=608","title":{"rendered":"Gra miejska Bunkra-Wis\u0142a"},"content":{"rendered":"\n<p><em><strong>&#8222;Operacja ZO: Tajemnice wojennego Torunia&#8221;<\/strong><\/em><\/p>\n\n\n<h2>\u00a0<\/h2>\n<h2>Pomys\u0142 na zwiedzanie Torunia dla m\u0142odzie\u017cy<\/h2>\n<p><span style=\"font-size: 14pt;\">Fabularna gra miejska <em><strong>&#8222;Operacja ZO: Tajemnice wojennego Torunia&#8221;<\/strong><\/em>, osadzona jest w czasach II Wojny \u015awiatowej. Poznacie wybitn\u0105 toruniank\u0119, genera\u0142 El\u017cbiet\u0119 Zawack\u0105 (pseudonim &#8222;Zo&#8221;), dowiecie si\u0119 o funkcjonowaniu organizacji istniej\u0105cych w czasie wojny i przemierzycie toru\u0144sk\u0105 star\u00f3wk\u0119 z niemieck\u0105 map\u0105 w d\u0142oni. B\u0119dziecie musieli rozwik\u0142a\u0107 szyfry, przenosi\u0107 tajne wiadomo\u015bci i wykaza\u0107 si\u0119 spor\u0105 dawk\u0105 kreatywno\u015bci. Pewnie nie unikniecie nalotu na miasto!<\/span><\/p>\n<p><span style=\"font-size: 14pt;\">Tematyka wojenna jest t\u0142em dla gry, w przemy\u015blany spos\u00f3b pozwoli m\u0142odzie\u017cy prze\u017cy\u0107 emocje zwi\u0105zane ze stanem zagro\u017cenia w okupowanym mie\u015bcie.<\/span><\/p>\n<h2><span style=\"font-size: 18pt;\"><strong>Dlaczego warto?<\/strong><\/span><\/h2>\n<p><span style=\"font-size: 14pt;\">Opracowana przez nas gra miejska b\u0119dzie sposobem na poznanie wybranych w\u0105tk\u00f3w z historii Torunia w anga\u017cuj\u0105cy spos\u00f3b.<\/span><\/p>\n<p><span style=\"font-size: 14pt;\">Sceneri\u0105 gry b\u0119dzie obszar star\u00f3wki. B\u0119dziecie dzia\u0142a\u0107 w\u00a0kilku dru\u017cynach, a na ko\u0144cu po\u0142\u0105czycie zdobyte informacje dla osi\u0105gni\u0119cia wsp\u00f3lnego celu. Przygotowali\u015bmy \u0142amig\u0142\u00f3wki, zadania na orientacj\u0119, spostrzegawczo\u015b\u0107 i zr\u0119czno\u015b\u0107. \u017badna dobra gra miejska bez nich si\u0119 nie obejdzie!<\/span><\/p>\n<h2>Gra miejska w Toruniu szczeg\u00f3\u0142y:<\/h2>\n<ul>\n<li><span style=\"font-size: 14pt;\">dla grup zorganizowanych od 8 do 55 os\u00f3b<br \/><\/span><\/li>\n<li><span style=\"font-size: 14pt;\">dla m\u0142odzie\u017cy od 7 kl. SP w g\u00f3r\u0119 i doros\u0142ych<\/span><\/li>\n<li><span style=\"font-size: 14pt;\">minimalna cena za gr\u0119: <strong>1100 z\u0142<\/strong> <br \/><\/span><\/li>\n<li><span style=\"font-size: 14pt;\">co najmniej 3 animator\u00f3w na trasie<br \/><\/span><\/li>\n<li><span style=\"font-size: 14pt;\">2 godziny<\/span><\/li>\n<li><span style=\"font-size: 14pt;\">symulacja nalotu bombowego<strong> GRATIS !<br \/><\/strong><\/span><em>(standardowa cena symulacji nalotu- 10 z\u0142\/os.)<\/em><\/li>\n<\/ul>\n<p><span style=\"font-size: 14pt;\">Gra nie jest zamiennikiem tradycyjnego zwiedzania Torunia. Nie b\u0119dziemy was uczy\u0107 o \u015bredniowiecznych zabytkach (cho\u0107 na niekt\u00f3re z nich b\u0119dziecie musieli zwr\u00f3ci\u0107 uwag\u0119) i Miko\u0142aju Koperniku. \ud83d\ude42<\/span><\/p>\n<p><a href=\"http:\/\/bunkier.snwsprodukcja.pl\/wp-content\/uploads\/2019\/02\/29-1-z-1-e1549964021530.jpg\"><img loading=\"lazy\" decoding=\"async\" class=\"alignnone  wp-image-632\" src=\"http:\/\/bunkier.snwsprodukcja.pl\/wp-content\/uploads\/2019\/02\/29-1-z-1-300x200.jpg\" alt=\"29 (1 z 1)\" width=\"500\" height=\"333\" \/><\/a><\/p>\n<h2>Rezerwacje gry miejskiej<\/h2>\n<p><span style=\"font-size: 14pt;\">Zapraszamy do gry od kwietnia do pa\u017adziernika.<br \/><\/span><\/p>\n<p><span style=\"font-size: 14pt;\">Dow\u00f3dca Bunkra radzi: wiosenna wycieczka szkolna do Torunia powinna by\u0107 planowana ju\u017c zim\u0105.<br \/><\/span><\/p>\n<p><span style=\"font-size: 14pt;\">Rezerwacje, pytania: 56 621 07 14 oraz biuro@domlegend.pl ( z dopiskiem &#8222;Bunkier&#8221;)<br \/><\/span><\/p>\n<h2>\u00a0Atrakcje w Toruniu<\/h2>\n<p><span style=\"font-size: 14pt;\">Przed lub po grze zorganizujemy dla Was profesjonalne <a href=\"http:\/\/bunkierwisla.pl\/oprowadzanie\/\">zwiedzanie Torunia z przewodnikiem<\/a>. W ten spos\u00f3b w pe\u0142ni poznacie miasto. Wystarczy zadzwoni\u0107.<br \/><\/span><\/p>\n<p><span style=\"font-size: 14pt;\">Gry miejskie w Toruniu dzi\u0119ki kt\u00f3rym zanurzycie si\u0119 w \u015bwiat \u015bredniowiecza i dawnej historii znajdziecie w <a href=\"http:\/\/domlegend.pl\">Domu Legend Toru\u0144skich<\/a>. Zajrzyjcie!<\/span><\/p>","protected":false},"excerpt":{"rendered":"<p>&#8222;Operacja ZO: Tajemnice wojennego Torunia&#8221; \u00a0 Pomys\u0142 na zwiedzanie Torunia dla m\u0142odzie\u017cy Fabularna gra miejska &#8222;Operacja ZO: Tajemnice wojennego Torunia&#8221;, osadzona jest w czasach II Wojny \u015awiatowej. Poznacie wybitn\u0105 toruniank\u0119, genera\u0142 El\u017cbiet\u0119 Zawack\u0105 (pseudonim &#8222;Zo&#8221;), dowiecie si\u0119 o funkcjonowaniu organizacji istniej\u0105cych w czasie wojny i przemierzycie toru\u0144sk\u0105 star\u00f3wk\u0119 z niemieck\u0105 map\u0105 w d\u0142oni. B\u0119dziecie musieli [&hellip;]<\/p>\n","protected":false},"author":1,"featured_media":0,"parent":0,"menu_order":0,"comment_status":"closed","ping_status":"open","template":"page-full-width.php","meta":{"footnotes":""},"class_list":["post-608","page","type-page","status-publish","hentry"],"yoast_head":"<!-- This site is optimized with the Yoast SEO plugin v22.1 - https:\/\/yoast.com\/wordpress\/plugins\/seo\/ -->\n<title>Gra miejska Bunkra-Wis\u0142a - Bunkier-Wis\u0142a Do\u015bwiadcz emocji towarzysz\u0105cych nalotowi!<\/title>\n<meta name=\"description\" content=\"Gra miejska dla grup szkolnych. Tajne wiadomo\u015bci, szyfry i bohaterka - cichociemna El\u017cbieta Zawacka. Odkryjcie Toru\u0144 czas\u00f3w II Wojny \u015awiatowej.\" \/>\n<meta name=\"robots\" content=\"index, follow, max-snippet:-1, max-image-preview:large, max-video-preview:-1\" \/>\n<link rel=\"canonical\" href=\"https:\/\/bunkierwisla.pl\/?page_id=608\" \/>\n<meta property=\"og:locale\" content=\"pl_PL\" \/>\n<meta property=\"og:type\" content=\"article\" \/>\n<meta property=\"og:title\" content=\"Gra miejska Bunkra-Wis\u0142a - Bunkier-Wis\u0142a Do\u015bwiadcz emocji towarzysz\u0105cych nalotowi!\" \/>\n<meta property=\"og:description\" content=\"Gra miejska dla grup szkolnych. Tajne wiadomo\u015bci, szyfry i bohaterka - cichociemna El\u017cbieta Zawacka. Odkryjcie Toru\u0144 czas\u00f3w II Wojny \u015awiatowej.\" \/>\n<meta property=\"og:url\" content=\"https:\/\/bunkierwisla.pl\/?page_id=608\" \/>\n<meta property=\"og:site_name\" content=\"Bunkier-Wis\u0142a Do\u015bwiadcz emocji towarzysz\u0105cych nalotowi!\" \/>\n<meta property=\"article:publisher\" content=\"https:\/\/www.facebook.com\/BunkierWisla\" \/>\n<meta property=\"article:modified_time\" content=\"2025-07-23T09:27:29+00:00\" \/>\n<meta property=\"og:image\" content=\"http:\/\/bunkier.snwsprodukcja.pl\/wp-content\/uploads\/2019\/02\/29-1-z-1-300x200.jpg\" \/>\n<meta name=\"twitter:card\" content=\"summary_large_image\" \/>\n<meta name=\"twitter:label1\" content=\"Szacowany czas czytania\" \/>\n\t<meta name=\"twitter:data1\" content=\"2 minuty\" \/>\n<script type=\"application\/ld+json\" class=\"yoast-schema-graph\">{\"@context\":\"https:\/\/schema.org\",\"@graph\":[{\"@type\":\"WebPage\",\"@id\":\"https:\/\/bunkierwisla.pl\/?page_id=608\",\"url\":\"https:\/\/bunkierwisla.pl\/?page_id=608\",\"name\":\"Gra miejska Bunkra-Wis\u0142a - Bunkier-Wis\u0142a Do\u015bwiadcz emocji towarzysz\u0105cych nalotowi!\",\"isPartOf\":{\"@id\":\"https:\/\/bunkierwisla.pl\/#website\"},\"datePublished\":\"2019-01-15T19:49:55+00:00\",\"dateModified\":\"2025-07-23T09:27:29+00:00\",\"description\":\"Gra miejska dla grup szkolnych. Tajne wiadomo\u015bci, szyfry i bohaterka - cichociemna El\u017cbieta Zawacka. Odkryjcie Toru\u0144 czas\u00f3w II Wojny \u015awiatowej.\",\"breadcrumb\":{\"@id\":\"https:\/\/bunkierwisla.pl\/?page_id=608#breadcrumb\"},\"inLanguage\":\"pl-PL\",\"potentialAction\":[{\"@type\":\"ReadAction\",\"target\":[\"https:\/\/bunkierwisla.pl\/?page_id=608\"]}]},{\"@type\":\"BreadcrumbList\",\"@id\":\"https:\/\/bunkierwisla.pl\/?page_id=608#breadcrumb\",\"itemListElement\":[{\"@type\":\"ListItem\",\"position\":1,\"name\":\"Strona g\u0142\u00f3wna\",\"item\":\"https:\/\/bunkierwisla.pl\/\"},{\"@type\":\"ListItem\",\"position\":2,\"name\":\"Gra miejska Bunkra-Wis\u0142a\"}]},{\"@type\":\"WebSite\",\"@id\":\"https:\/\/bunkierwisla.pl\/#website\",\"url\":\"https:\/\/bunkierwisla.pl\/\",\"name\":\"Bunkier-Wis\u0142a. Do\u015bwiadcz emocji towarzysz\u0105cych nalotowi!\",\"description\":\"\",\"potentialAction\":[{\"@type\":\"SearchAction\",\"target\":{\"@type\":\"EntryPoint\",\"urlTemplate\":\"https:\/\/bunkierwisla.pl\/?s={search_term_string}\"},\"query-input\":\"required name=search_term_string\"}],\"inLanguage\":\"pl-PL\"}]}<\/script>\n<!-- \/ Yoast SEO plugin. -->","yoast_head_json":{"title":"Gra miejska Bunkra-Wis\u0142a - Bunkier-Wis\u0142a Do\u015bwiadcz emocji towarzysz\u0105cych nalotowi!","description":"Gra miejska dla grup szkolnych. Tajne wiadomo\u015bci, szyfry i bohaterka - cichociemna El\u017cbieta Zawacka. Odkryjcie Toru\u0144 czas\u00f3w II Wojny \u015awiatowej.","robots":{"index":"index","follow":"follow","max-snippet":"max-snippet:-1","max-image-preview":"max-image-preview:large","max-video-preview":"max-video-preview:-1"},"canonical":"https:\/\/bunkierwisla.pl\/?page_id=608","og_locale":"pl_PL","og_type":"article","og_title":"Gra miejska Bunkra-Wis\u0142a - Bunkier-Wis\u0142a Do\u015bwiadcz emocji towarzysz\u0105cych nalotowi!","og_description":"Gra miejska dla grup szkolnych. Tajne wiadomo\u015bci, szyfry i bohaterka - cichociemna El\u017cbieta Zawacka. Odkryjcie Toru\u0144 czas\u00f3w II Wojny \u015awiatowej.","og_url":"https:\/\/bunkierwisla.pl\/?page_id=608","og_site_name":"Bunkier-Wis\u0142a Do\u015bwiadcz emocji towarzysz\u0105cych nalotowi!","article_publisher":"https:\/\/www.facebook.com\/BunkierWisla","article_modified_time":"2025-07-23T09:27:29+00:00","og_image":[{"url":"http:\/\/bunkier.snwsprodukcja.pl\/wp-content\/uploads\/2019\/02\/29-1-z-1-300x200.jpg"}],"twitter_card":"summary_large_image","twitter_misc":{"Szacowany czas czytania":"2 minuty"},"schema":{"@context":"https:\/\/schema.org","@graph":[{"@type":"WebPage","@id":"https:\/\/bunkierwisla.pl\/?page_id=608","url":"https:\/\/bunkierwisla.pl\/?page_id=608","name":"Gra miejska Bunkra-Wis\u0142a - Bunkier-Wis\u0142a Do\u015bwiadcz emocji towarzysz\u0105cych nalotowi!","isPartOf":{"@id":"https:\/\/bunkierwisla.pl\/#website"},"datePublished":"2019-01-15T19:49:55+00:00","dateModified":"2025-07-23T09:27:29+00:00","description":"Gra miejska dla grup szkolnych. Tajne wiadomo\u015bci, szyfry i bohaterka - cichociemna El\u017cbieta Zawacka. Odkryjcie Toru\u0144 czas\u00f3w II Wojny \u015awiatowej.","breadcrumb":{"@id":"https:\/\/bunkierwisla.pl\/?page_id=608#breadcrumb"},"inLanguage":"pl-PL","potentialAction":[{"@type":"ReadAction","target":["https:\/\/bunkierwisla.pl\/?page_id=608"]}]},{"@type":"BreadcrumbList","@id":"https:\/\/bunkierwisla.pl\/?page_id=608#breadcrumb","itemListElement":[{"@type":"ListItem","position":1,"name":"Strona g\u0142\u00f3wna","item":"https:\/\/bunkierwisla.pl\/"},{"@type":"ListItem","position":2,"name":"Gra miejska Bunkra-Wis\u0142a"}]},{"@type":"WebSite","@id":"https:\/\/bunkierwisla.pl\/#website","url":"https:\/\/bunkierwisla.pl\/","name":"Bunkier-Wis\u0142a. Do\u015bwiadcz emocji towarzysz\u0105cych nalotowi!","description":"","potentialAction":[{"@type":"SearchAction","target":{"@type":"EntryPoint","urlTemplate":"https:\/\/bunkierwisla.pl\/?s={search_term_string}"},"query-input":"required name=search_term_string"}],"inLanguage":"pl-PL"}]}},"_links":{"self":[{"href":"https:\/\/bunkierwisla.pl\/index.php?rest_route=\/wp\/v2\/pages\/608","targetHints":{"allow":["GET"]}}],"collection":[{"href":"https:\/\/bunkierwisla.pl\/index.php?rest_route=\/wp\/v2\/pages"}],"about":[{"href":"https:\/\/bunkierwisla.pl\/index.php?rest_route=\/wp\/v2\/types\/page"}],"author":[{"embeddable":true,"href":"https:\/\/bunkierwisla.pl\/index.php?rest_route=\/wp\/v2\/users\/1"}],"replies":[{"embeddable":true,"href":"https:\/\/bunkierwisla.pl\/index.php?rest_route=%2Fwp%2Fv2%2Fcomments&post=608"}],"version-history":[{"count":34,"href":"https:\/\/bunkierwisla.pl\/index.php?rest_route=\/wp\/v2\/pages\/608\/revisions"}],"predecessor-version":[{"id":1089,"href":"https:\/\/bunkierwisla.pl\/index.php?rest_route=\/wp\/v2\/pages\/608\/revisions\/1089"}],"wp:attachment":[{"href":"https:\/\/bunkierwisla.pl\/index.php?rest_route=%2Fwp%2Fv2%2Fmedia&parent=608"}],"curies":[{"name":"wp","href":"https:\/\/api.w.org\/{rel}","templated":true}]}}